{"id":549,"date":"2016-05-26T17:06:35","date_gmt":"2016-05-26T17:06:35","guid":{"rendered":"http:\/\/security2.secretlab.pw\/?page_id=549"},"modified":"2023-11-28T15:48:18","modified_gmt":"2023-11-28T14:48:18","slug":"home-page-security-agency","status":"publish","type":"page","link":"https:\/\/istitutovigilanzalaquila.it\/","title":{"rendered":"Home Page"},"content":{"rendered":"<p>[vc_row bg_type=&#8221;image&#8221; parallax_style=&#8221;vcpb-default&#8221; bg_image_new=&#8221;id^561|url^http:\/\/istitutovigilanzalaquila.it\/wp-content\/uploads\/2016\/05\/01.png|caption^null|alt^null|title^01|description^null&#8221; bg_image_repeat=&#8221;no-repeat&#8221; bg_image_size=&#8221;initial&#8221; bg_image_posiiton=&#8221;left top&#8221; css=&#8221;.vc_custom_1470222783943{margin-bottom: 25px !important;}&#8221;][vc_column width=&#8221;7\/12&#8243; css=&#8221;.vc_custom_1464489124715{padding-right: 40px !important;}&#8221; offset=&#8221;vc_col-xs-12&#8243;][vc_custom_heading text=&#8221;Centrale operativa&#8221; use_theme_fonts=&#8221;yes&#8221; css=&#8221;.vc_custom_1699345451076{margin-bottom: 5px !important;padding-bottom: 30px !important;}&#8221;][vc_column_text]Con professionalit\u00e0 ed innovazione tecnologica garantiamo la massima sicurezza.<\/p>\n<p>Utilizzando soluzioni tecnologiche all&#8217;avanguardia e operando con la\u00a0massima professionalit\u00e0, forniamo servizi di protezione per te, la\u00a0tua famiglia e la\u00a0tua azienda[\/vc_column_text][vc_btn title=&#8221;CONTATTACI&#8221; el_class=&#8221;btn btn-info&#8221; link=&#8221;url:https%3A%2F%2Fistitutovigilanzalaquila.it%2F%3Fpage_id%3D513|||&#8221; css=&#8221;.vc_custom_1699633734990{margin-bottom: 110px !important;}&#8221;][\/vc_column][vc_column width=&#8221;5\/12&#8243; css=&#8221;.vc_custom_1464490048500{margin-top: -100px !important;padding-top: 10px !important;padding-right: 10px !important;padding-bottom: 10px !important;padding-left: 10px !important;background-color: #171717 !important;}&#8221; offset=&#8221;vc_col-xs-12&#8243;]<div class=\"aio-icon-component  vc_custom_1699345596005  sec_icon_3 style_1\"><div id=\"Info-box-wrap-3044\" class=\"aio-icon-box default-icon\" style=\"\"  ><div class=\"aio-icon-default\"><div class=\"ult-just-icon-wrapper  \"><div class=\"align-icon\" style=\"text-align:center;\">\n<div class=\"aio-icon none \"  style=\"color:#656565;font-size:44px;display:inline-block;\">\n\t<i class=\"Secur-cctv\"><\/i>\n<\/div><\/div><\/div><\/div><div class=\"aio-icon-header\" ><h3 class=\"aio-icon-title ult-responsive\"  data-ultimate-target='#Info-box-wrap-3044 .aio-icon-title'  data-responsive-json-new='{\"font-size\":\"desktop:22px;\",\"line-height\":\"\"}'  style=\"\">Fiducia<\/h3><\/div> <!-- header --><div class=\"aio-icon-description ult-responsive\"  data-ultimate-target='#Info-box-wrap-3044 .aio-icon-description'  data-responsive-json-new='{\"font-size\":\"\",\"line-height\":\"\"}'  style=\"\">Partner di fiducia per la tua sicurezza, quella della tua casa e\u00a0della tua azienda.<\/div> <!-- description --><\/div> <!-- aio-icon-box --><\/div> <!-- aio-icon-component --><div class=\"aio-icon-component  vc_custom_1699345615899  sec_icon_3 style_1\"><div id=\"Info-box-wrap-5978\" class=\"aio-icon-box default-icon\" style=\"\"  ><div class=\"aio-icon-default\"><div class=\"ult-just-icon-wrapper  \"><div class=\"align-icon\" style=\"text-align:center;\">\n<div class=\"aio-icon none \"  style=\"color:#656565;font-size:44px;display:inline-block;\">\n\t<i class=\"Secur-siren\"><\/i>\n<\/div><\/div><\/div><\/div><div class=\"aio-icon-header\" ><h3 class=\"aio-icon-title ult-responsive\"  data-ultimate-target='#Info-box-wrap-5978 .aio-icon-title'  data-responsive-json-new='{\"font-size\":\"desktop:22px;\",\"line-height\":\"\"}'  style=\"\">Servizi<\/h3><\/div> <!-- header --><div class=\"aio-icon-description ult-responsive\"  data-ultimate-target='#Info-box-wrap-5978 .aio-icon-description'  data-responsive-json-new='{\"font-size\":\"\",\"line-height\":\"\"}'  style=\"\">Ampia gamma di servizi personalizzati e studiati per soddisfare tutte le esigenze di sicurezza dei nostri clienti.<\/div> <!-- description --><\/div> <!-- aio-icon-box --><\/div> <!-- aio-icon-component --><div class=\"aio-icon-component   sec_icon_3 style_1\"><div id=\"Info-box-wrap-7844\" class=\"aio-icon-box default-icon\" style=\"\"  ><div class=\"aio-icon-default\"><div class=\"ult-just-icon-wrapper  \"><div class=\"align-icon\" style=\"text-align:center;\">\n<div class=\"aio-icon none \"  style=\"color:#656565;font-size:44px;display:inline-block;\">\n\t<i class=\"alicoBold53-468\"><\/i>\n<\/div><\/div><\/div><\/div><div class=\"aio-icon-header\" ><h3 class=\"aio-icon-title ult-responsive\"  data-ultimate-target='#Info-box-wrap-7844 .aio-icon-title'  data-responsive-json-new='{\"font-size\":\"desktop:22px;\",\"line-height\":\"\"}'  style=\"\">Operativit\u00e0<\/h3><\/div> <!-- header --><div class=\"aio-icon-description ult-responsive\"  data-ultimate-target='#Info-box-wrap-7844 .aio-icon-description'  data-responsive-json-new='{\"font-size\":\"\",\"line-height\":\"\"}'  style=\"\">Garantiamo un servizio globale che include sicurezza e vigilanza.\u00a0Siamo operativi 24\/7, 365 giorni l&#8217;anno.<\/div> <!-- description --><\/div> <!-- aio-icon-box --><\/div> <!-- aio-icon-component -->[\/vc_column][\/vc_row][vc_row el_class=&#8221;semiborderb&#8221; css=&#8221;.vc_custom_1464439570604{margin-top: 50px !important;margin-bottom: 60px !important;padding-top: 10px !important;padding-right: 60px !important;padding-bottom: 10px !important;padding-left: 60px !important;}&#8221;][vc_column][vc_custom_heading text=&#8221;Partner di fiducia per la sicurezza della tua casa e della tua azienda&#8221; font_container=&#8221;tag:h3|font_size:22px|text_align:left&#8221; use_theme_fonts=&#8221;yes&#8221; css=&#8221;.vc_custom_1699521645073{margin-left: 40px !important;}&#8221;][vc_btn title=&#8221;SCOPRI CHI SIAMO&#8221; el_class=&#8221;btn btn-info&#8221; link=&#8221;url:https%3A%2F%2Fistitutovigilanzalaquila.it%2F%3Fpage_id%3D967|||&#8221; css=&#8221;.vc_custom_1699633763019{margin-bottom: -30px !important;margin-left: 40px !important;}&#8221;][\/vc_column][\/vc_row][vc_row css=&#8221;.vc_custom_1464452387319{margin-bottom: 50px !important;}&#8221;][vc_column width=&#8221;1\/2&#8243;][vc_custom_heading text=&#8221;Chiamaci subito per ottenere assistenza&#8221; font_container=&#8221;tag:h4|font_size:27|text_align:left|color:%2300abf2&#8243; use_theme_fonts=&#8221;yes&#8221; css=&#8221;.vc_custom_1699522158027{margin-top: 0px !important;margin-bottom: 10px !important;}&#8221;][vc_column_text]Siamo attivi 24 ore su 24, 7 giorni su 7[\/vc_column_text][\/vc_column][vc_column width=&#8221;1\/2&#8243;][vc_custom_heading text=&#8221;(0835)&#8221; font_container=&#8221;tag:h3|font_size:135px|text_align:left|color:%23000000|line_height:135px&#8221; use_theme_fonts=&#8221;yes&#8221; css=&#8221;.vc_custom_1699522192861{margin-top: 0px !important;margin-bottom: 0px !important;}&#8221;][vc_custom_heading text=&#8221;551106&#8243; font_container=&#8221;tag:h3|font_size:78px|text_align:center|line_height:78px&#8221; use_theme_fonts=&#8221;yes&#8221; css=&#8221;.vc_custom_1699522201459{margin-top: -50px !important;}&#8221;][\/vc_column][\/vc_row][vc_row bg_type=&#8221;image&#8221; parallax_style=&#8221;vcpb-default&#8221; bg_image_new=&#8221;id^564|url^http:\/\/istitutovigilanzalaquila.it\/wp-content\/uploads\/2016\/05\/04.png|caption^null|alt^null|title^04|description^null&#8221; bg_image_repeat=&#8221;no-repeat&#8221; bg_image_size=&#8221;initial&#8221; bg_image_posiiton=&#8221;left top&#8221; css=&#8221;.vc_custom_1464421704214{padding-left: 40px !important;}&#8221;][vc_column][vc_custom_heading text=&#8221;Clienti&#8221; use_theme_fonts=&#8221;yes&#8221; css=&#8221;.vc_custom_1699529673391{margin-bottom: 5px !important;}&#8221;][vc_custom_heading text=&#8221;Pi\u00f9 di 250 clienti&#8221; font_container=&#8221;tag:div|font_size:27|text_align:left|color:%2300abf2&#8243; use_theme_fonts=&#8221;yes&#8221; css=&#8221;.vc_custom_1699529706366{margin-top: 0px !important;margin-bottom: 35px !important;}&#8221;][\/vc_column][\/vc_row][vc_row css=&#8221;.vc_custom_1464490288036{margin-top: -80px !important;margin-bottom: 90px !important;padding-top: 60px !important;padding-right: 30px !important;padding-bottom: 40px !important;padding-left: 30px !important;}&#8221; el_class=&#8221;semibordery&#8221;][vc_column][vc_single_image image=&#8221;1043&#8243; css=&#8221;.vc_custom_1699630163265{margin-right: 25px !important;margin-left: 25px !important;}&#8221;][vc_single_image image=&#8221;1050&#8243; css=&#8221;.vc_custom_1699631206268{margin-right: 25px !important;margin-left: 25px !important;}&#8221;][vc_single_image image=&#8221;1046&#8243; css=&#8221;.vc_custom_1699630283664{margin-right: 25px !important;margin-left: 25px !important;}&#8221;][vc_single_image image=&#8221;1049&#8243; css=&#8221;.vc_custom_1699630753790{margin-right: 25px !important;margin-left: 25px !important;}&#8221;][\/vc_column][\/vc_row][vc_row bg_type=&#8221;image&#8221; parallax_style=&#8221;vcpb-default&#8221; bg_image_new=&#8221;id^555|url^http:\/\/istitutovigilanzalaquila.it\/wp-content\/uploads\/2016\/05\/07.png|caption^null|alt^null|title^07|description^null&#8221; bg_image_repeat=&#8221;no-repeat&#8221; bg_image_size=&#8221;initial&#8221; bg_image_posiiton=&#8221;left top&#8221; css=&#8221;.vc_custom_1464412733395{padding-left: 40px !important;}&#8221;][vc_column][vc_custom_heading text=&#8221;I nostri valori&#8221; font_container=&#8221;tag:h1|text_align:left&#8221; use_theme_fonts=&#8221;yes&#8221; css=&#8221;.vc_custom_1699522651496{margin-bottom: 5px !important;}&#8221;][vc_custom_heading text=&#8221;Istituto Vigilanza l&#8217;Aquila&#8221; font_container=&#8221;tag:h4|font_size:27|text_align:left|color:%2300abf2&#8243; use_theme_fonts=&#8221;yes&#8221; css=&#8221;.vc_custom_1699522673255{margin-top: 0px !important;margin-bottom: 35px !important;}&#8221;][\/vc_column][\/vc_row][vc_row css=&#8221;.vc_custom_1470223885883{margin-top: 50px !important;margin-bottom: 0px !important;padding-top: 50px !important;padding-right: 0px !important;padding-bottom: 50px !important;padding-left: 50px !important;}&#8221; el_class=&#8221;semiborder&#8221;][vc_column css=&#8221;.vc_custom_1464488697807{padding-right: 40px !important;}&#8221; offset=&#8221;vc_col-md-6 vc_col-xs-12&#8243;][vc_column_text css_animation=&#8221;left-to-right&#8221;]Il nostro obiettivo fondamentale \u00e8 quello di garantire la\u00a0 sicurezza totale delle persone e dei beni.<\/p>\n<p>L\u2019Istituto opera senza sosta sull\u2019intero territorio di Matera e Provincia. Tutti i nostri servizi di controllo e sicurezza costituiscono\u00a0 una costante e convalidata presenza in sintonia con il bisogno di tranquillit\u00e0 dei nostri clienti ed \u00e8 rivolta a soddisfare ogni tipo di esigenza:<\/p>\n<ul>\n<li>Piantonamento diurno e notturno, feriale e festivo;<\/li>\n<li>Pattugliamento stradale a scopo di controllo e prevenzione;<\/li>\n<li>Servizio di ricezione allarmi ed operazioni di pronto intervento mediante i reparti radiomobili;<\/li>\n<li>Vigilanza di quartiere.<\/li>\n<\/ul>\n<p>Il nostro team \u00e8 costituito da professionisti inseriti nell\u2019organico solo dopo una severa selezione, continuamente aggiornati attraverso corsi ed impegnativi addestramenti, pronti ad assumere continue responsabilit\u00e0 ed in grado di affrontare ogni genere di rischio.\u00a0La Centrale Operativa attiva 24 ore su 24, \u00e8 dotata di molteplici sistemi di sicurezza di avanzata tecnologia. Garantisce ai suoi Clienti la ricezione di eventuali allarmi, permettendo il repentino intervento delle autopattuglie presenti in tutto il territorio di Matera e Provincia.\u00a0Inoltre \u00e8 in grado di assicurare il proprio servizio anche nei Comuni e nei siti geograficamente pi\u00f9 distanti, mediante unit\u00e0 operative che agiscono in stretto contatto con le Forze dell\u2019Ordine.[\/vc_column_text][\/vc_column][vc_column css=&#8221;.vc_custom_1464489429814{margin-top: -130px !important;}&#8221; offset=&#8221;vc_col-md-6 vc_col-xs-12&#8243;][vc_row_inner css=&#8221;.vc_custom_1464411676637{margin-bottom: 0px !important;}&#8221;][vc_column_inner width=&#8221;1\/2&#8243; css=&#8221;.vc_custom_1462245688745{padding: 30px !important;background-color: #ffffff !important;}&#8221;][vc_custom_heading text=&#8221;Sicurezza&#8221; font_container=&#8221;tag:h6|text_align:left|color:%23171717&#8243; use_theme_fonts=&#8221;yes&#8221; link=&#8221;|||&#8221;]<div class=\"ult-just-icon-wrapper  \"><div class=\"align-icon\" style=\"text-align:right;\">\n<div class=\"aio-icon none \"  style=\"color:#171717;font-size:40px;display:inline-block;\">\n\t<i class=\"Secur-cctv-2\"><\/i>\n<\/div><\/div><\/div>[\/vc_column_inner][vc_column_inner width=&#8221;1\/2&#8243; css=&#8221;.vc_custom_1462245739321{padding: 30px !important;background-color: #00abf2 !important;}&#8221;][vc_custom_heading text=&#8221;Prevenzione&#8221; font_container=&#8221;tag:h6|text_align:left|color:%23ffffff&#8221; use_theme_fonts=&#8221;yes&#8221;]<div class=\"ult-just-icon-wrapper  \"><div class=\"align-icon\" style=\"text-align:right;\">\n<div class=\"aio-icon none \"  style=\"color:#ffffff;font-size:40px;display:inline-block;\">\n\t<i class=\"Secur-siren\"><\/i>\n<\/div><\/div><\/div>[\/vc_column_inner][\/vc_row_inner][vc_row_inner css=&#8221;.vc_custom_1464411676637{margin-bottom: 0px !important;}&#8221;][vc_column_inner width=&#8221;1\/2&#8243; css=&#8221;.vc_custom_1699529963867{padding-top: 30px !important;padding-right: 30px !important;padding-bottom: 30px !important;padding-left: 30px !important;background-color: #5b5b5b !important;}&#8221;][vc_custom_heading text=&#8221;Protezione&#8221; font_container=&#8221;tag:h6|text_align:left|color:%23ffffff&#8221; use_theme_fonts=&#8221;yes&#8221;]<div class=\"ult-just-icon-wrapper  \"><div class=\"align-icon\" style=\"text-align:right;\">\n<div class=\"aio-icon none \"  style=\"color:#ffffff;font-size:40px;display:inline-block;\">\n\t<i class=\"Secur-siren\"><\/i>\n<\/div><\/div><\/div>[\/vc_column_inner][\/vc_row_inner][\/vc_column][\/vc_row]<\/p>\n","protected":false},"excerpt":{"rendered":"<p>[vc_row bg_type=&#8221;image&#8221; parallax_style=&#8221;vcpb-default&#8221; bg_image_new=&#8221;id^561|url^http:\/\/istitutovigilanzalaquila.it\/wp-content\/uploads\/2016\/05\/01.png|caption^null|alt^null|title^01|description^null&#8221; bg_image_repeat=&#8221;no-repeat&#8221; bg_image_size=&#8221;initial&#8221; bg_image_posiiton=&#8221;left top&#8221; css=&#8221;.vc_custom_1470222783943{margin-bottom: 25px !important;}&#8221;][vc_column width=&#8221;7\/12&#8243; css=&#8221;.vc_custom_1464489124715{padding-right: 40px !important;}&#8221; offset=&#8221;vc_col-xs-12&#8243;][vc_custom_heading text=&#8221;Centrale operativa&#8221; use_theme_fonts=&#8221;yes&#8221; css=&#8221;.vc_custom_1699345451076{margin-bottom: 5px !important;padding-bottom: 30px !important;}&#8221;][vc_column_text]Con professionalit\u00e0 ed innovazione tecnologica garantiamo la massima sicurezza. Utilizzando soluzioni tecnologiche all&#8217;avanguardia e operando con la\u00a0massima professionalit\u00e0, forniamo servizi di protezione per te, la\u00a0tua famiglia e la\u00a0tua azienda[\/vc_column_text][vc_btn title=&#8221;CONTATTACI&#8221; el_class=&#8221;btn btn-info&#8221;<\/p>\n","protected":false},"author":2,"featured_media":0,"parent":0,"menu_order":0,"comment_status":"closed","ping_status":"closed","template":"page-head1.php","meta":{"footnotes":""},"class_list":["post-549","page","type-page","status-publish","hentry"],"yoast_head":"<!-- This site is optimized with the Yoast SEO plugin v21.5 - https:\/\/yoast.com\/wordpress\/plugins\/seo\/ -->\n<title>Home Page - Istituto Vigilanza L&#039;Aquila<\/title>\n<meta name=\"robots\" content=\"index, follow, max-snippet:-1, max-image-preview:large, max-video-preview:-1\" \/>\n<link rel=\"canonical\" href=\"https:\/\/istitutovigilanzalaquila.it\/\" \/>\n<meta property=\"og:locale\" content=\"it_IT\" \/>\n<meta property=\"og:type\" content=\"article\" \/>\n<meta property=\"og:title\" content=\"Home Page - Istituto Vigilanza L&#039;Aquila\" \/>\n<meta property=\"og:description\" content=\"[vc_row bg_type=&#8221;image&#8221; parallax_style=&#8221;vcpb-default&#8221; bg_image_new=&#8221;id^561|url^http:\/\/istitutovigilanzalaquila.it\/wp-content\/uploads\/2016\/05\/01.png|caption^null|alt^null|title^01|description^null&#8221; bg_image_repeat=&#8221;no-repeat&#8221; bg_image_size=&#8221;initial&#8221; bg_image_posiiton=&#8221;left top&#8221; css=&#8221;.vc_custom_1470222783943{margin-bottom: 25px !important;}&#8221;][vc_column width=&#8221;7\/12&#8243; css=&#8221;.vc_custom_1464489124715{padding-right: 40px !important;}&#8221; offset=&#8221;vc_col-xs-12&#8243;][vc_custom_heading text=&#8221;Centrale operativa&#8221; use_theme_fonts=&#8221;yes&#8221; css=&#8221;.vc_custom_1699345451076{margin-bottom: 5px !important;padding-bottom: 30px !important;}&#8221;][vc_column_text]Con professionalit\u00e0 ed innovazione tecnologica garantiamo la massima sicurezza. Utilizzando soluzioni tecnologiche all&#8217;avanguardia e operando con la\u00a0massima professionalit\u00e0, forniamo servizi di protezione per te, la\u00a0tua famiglia e la\u00a0tua azienda[\/vc_column_text][vc_btn title=&#8221;CONTATTACI&#8221; el_class=&#8221;btn btn-info&#8221;\" \/>\n<meta property=\"og:url\" content=\"https:\/\/istitutovigilanzalaquila.it\/\" \/>\n<meta property=\"og:site_name\" content=\"Istituto Vigilanza L&#039;Aquila\" \/>\n<meta property=\"article:modified_time\" content=\"2023-11-28T14:48:18+00:00\" \/>\n<meta name=\"twitter:card\" content=\"summary_large_image\" \/>\n<meta name=\"twitter:label1\" content=\"Tempo di lettura stimato\" \/>\n\t<meta name=\"twitter:data1\" content=\"4 minuti\" \/>\n<script type=\"application\/ld+json\" class=\"yoast-schema-graph\">{\"@context\":\"https:\/\/schema.org\",\"@graph\":[{\"@type\":\"WebPage\",\"@id\":\"https:\/\/istitutovigilanzalaquila.it\/\",\"url\":\"https:\/\/istitutovigilanzalaquila.it\/\",\"name\":\"Home Page - Istituto Vigilanza L&#039;Aquila\",\"isPartOf\":{\"@id\":\"https:\/\/istitutovigilanzalaquila.it\/#website\"},\"datePublished\":\"2016-05-26T17:06:35+00:00\",\"dateModified\":\"2023-11-28T14:48:18+00:00\",\"breadcrumb\":{\"@id\":\"https:\/\/istitutovigilanzalaquila.it\/#breadcrumb\"},\"inLanguage\":\"it-IT\",\"potentialAction\":[{\"@type\":\"ReadAction\",\"target\":[\"https:\/\/istitutovigilanzalaquila.it\/\"]}]},{\"@type\":\"BreadcrumbList\",\"@id\":\"https:\/\/istitutovigilanzalaquila.it\/#breadcrumb\",\"itemListElement\":[{\"@type\":\"ListItem\",\"position\":1,\"name\":\"Home\",\"item\":\"https:\/\/istitutovigilanzalaquila.it\/\"},{\"@type\":\"ListItem\",\"position\":2,\"name\":\"Home Page\"}]},{\"@type\":\"WebSite\",\"@id\":\"https:\/\/istitutovigilanzalaquila.it\/#website\",\"url\":\"https:\/\/istitutovigilanzalaquila.it\/\",\"name\":\"Istituto Vigilanza L&#039;Aquila\",\"description\":\"\",\"potentialAction\":[{\"@type\":\"SearchAction\",\"target\":{\"@type\":\"EntryPoint\",\"urlTemplate\":\"https:\/\/istitutovigilanzalaquila.it\/?s={search_term_string}\"},\"query-input\":\"required name=search_term_string\"}],\"inLanguage\":\"it-IT\"}]}<\/script>\n<!-- \/ Yoast SEO plugin. -->","yoast_head_json":{"title":"Home Page - Istituto Vigilanza L&#039;Aquila","robots":{"index":"index","follow":"follow","max-snippet":"max-snippet:-1","max-image-preview":"max-image-preview:large","max-video-preview":"max-video-preview:-1"},"canonical":"https:\/\/istitutovigilanzalaquila.it\/","og_locale":"it_IT","og_type":"article","og_title":"Home Page - Istituto Vigilanza L&#039;Aquila","og_description":"[vc_row bg_type=&#8221;image&#8221; parallax_style=&#8221;vcpb-default&#8221; bg_image_new=&#8221;id^561|url^http:\/\/istitutovigilanzalaquila.it\/wp-content\/uploads\/2016\/05\/01.png|caption^null|alt^null|title^01|description^null&#8221; bg_image_repeat=&#8221;no-repeat&#8221; bg_image_size=&#8221;initial&#8221; bg_image_posiiton=&#8221;left top&#8221; css=&#8221;.vc_custom_1470222783943{margin-bottom: 25px !important;}&#8221;][vc_column width=&#8221;7\/12&#8243; css=&#8221;.vc_custom_1464489124715{padding-right: 40px !important;}&#8221; offset=&#8221;vc_col-xs-12&#8243;][vc_custom_heading text=&#8221;Centrale operativa&#8221; use_theme_fonts=&#8221;yes&#8221; css=&#8221;.vc_custom_1699345451076{margin-bottom: 5px !important;padding-bottom: 30px !important;}&#8221;][vc_column_text]Con professionalit\u00e0 ed innovazione tecnologica garantiamo la massima sicurezza. Utilizzando soluzioni tecnologiche all&#8217;avanguardia e operando con la\u00a0massima professionalit\u00e0, forniamo servizi di protezione per te, la\u00a0tua famiglia e la\u00a0tua azienda[\/vc_column_text][vc_btn title=&#8221;CONTATTACI&#8221; el_class=&#8221;btn btn-info&#8221;","og_url":"https:\/\/istitutovigilanzalaquila.it\/","og_site_name":"Istituto Vigilanza L&#039;Aquila","article_modified_time":"2023-11-28T14:48:18+00:00","twitter_card":"summary_large_image","twitter_misc":{"Tempo di lettura stimato":"4 minuti"},"schema":{"@context":"https:\/\/schema.org","@graph":[{"@type":"WebPage","@id":"https:\/\/istitutovigilanzalaquila.it\/","url":"https:\/\/istitutovigilanzalaquila.it\/","name":"Home Page - Istituto Vigilanza L&#039;Aquila","isPartOf":{"@id":"https:\/\/istitutovigilanzalaquila.it\/#website"},"datePublished":"2016-05-26T17:06:35+00:00","dateModified":"2023-11-28T14:48:18+00:00","breadcrumb":{"@id":"https:\/\/istitutovigilanzalaquila.it\/#breadcrumb"},"inLanguage":"it-IT","potentialAction":[{"@type":"ReadAction","target":["https:\/\/istitutovigilanzalaquila.it\/"]}]},{"@type":"BreadcrumbList","@id":"https:\/\/istitutovigilanzalaquila.it\/#breadcrumb","itemListElement":[{"@type":"ListItem","position":1,"name":"Home","item":"https:\/\/istitutovigilanzalaquila.it\/"},{"@type":"ListItem","position":2,"name":"Home Page"}]},{"@type":"WebSite","@id":"https:\/\/istitutovigilanzalaquila.it\/#website","url":"https:\/\/istitutovigilanzalaquila.it\/","name":"Istituto Vigilanza L&#039;Aquila","description":"","potentialAction":[{"@type":"SearchAction","target":{"@type":"EntryPoint","urlTemplate":"https:\/\/istitutovigilanzalaquila.it\/?s={search_term_string}"},"query-input":"required name=search_term_string"}],"inLanguage":"it-IT"}]}},"_links":{"self":[{"href":"https:\/\/istitutovigilanzalaquila.it\/index.php?rest_route=\/wp\/v2\/pages\/549","targetHints":{"allow":["GET"]}}],"collection":[{"href":"https:\/\/istitutovigilanzalaquila.it\/index.php?rest_route=\/wp\/v2\/pages"}],"about":[{"href":"https:\/\/istitutovigilanzalaquila.it\/index.php?rest_route=\/wp\/v2\/types\/page"}],"author":[{"embeddable":true,"href":"https:\/\/istitutovigilanzalaquila.it\/index.php?rest_route=\/wp\/v2\/users\/2"}],"replies":[{"embeddable":true,"href":"https:\/\/istitutovigilanzalaquila.it\/index.php?rest_route=%2Fwp%2Fv2%2Fcomments&post=549"}],"version-history":[{"count":81,"href":"https:\/\/istitutovigilanzalaquila.it\/index.php?rest_route=\/wp\/v2\/pages\/549\/revisions"}],"predecessor-version":[{"id":1069,"href":"https:\/\/istitutovigilanzalaquila.it\/index.php?rest_route=\/wp\/v2\/pages\/549\/revisions\/1069"}],"wp:attachment":[{"href":"https:\/\/istitutovigilanzalaquila.it\/index.php?rest_route=%2Fwp%2Fv2%2Fmedia&parent=549"}],"curies":[{"name":"wp","href":"https:\/\/api.w.org\/{rel}","templated":true}]}}